{"id":2426,"date":"2025-05-26T03:02:49","date_gmt":"2025-05-26T03:02:49","guid":{"rendered":"https:\/\/rainter.ee\/juhtpohimotted\/"},"modified":"2026-02-16T07:20:19","modified_gmt":"2026-02-16T07:20:19","slug":"juhtpohimotted","status":"publish","type":"page","link":"https:\/\/rainter.ee\/en\/juhtpohimotted\/","title":{"rendered":"Juhtp\u00f5him\u00f5tted"},"content":{"rendered":"<style>.elementor-2426 .elementor-element.elementor-element-7415861 p{margin-block-end:17px;}.elementor-2426 .elementor-element.elementor-element-7415861 a{transition-duration:0s;}.elementor-2426 .elementor-element.elementor-element-99fc154{column-gap:0px;font-size:18px;}.elementor-2426 .elementor-element.elementor-element-4df296d{font-size:18px;}.elementor-2426 .elementor-element.elementor-element-4df296d p{margin-block-end:0px;}<\/style>\t\t<div data-elementor-type=\"wp-page\" data-elementor-id=\"2426\" class=\"elementor elementor-2426 elementor-2417\" data-elementor-settings=\"{&quot;ha_cmc_init_switcher&quot;:&quot;no&quot;}\" data-elementor-post-type=\"page\">\n\t\t\t\t\t\t<section class=\"elementor-section elementor-top-section elementor-element elementor-element-ea3466e elementor-section-boxed elementor-section-height-default elementor-section-height-default\" data-id=\"ea3466e\" data-element_type=\"section\" data-e-type=\"section\">\n\t\t\t\t\t\t<div class=\"elementor-container elementor-column-gap-default\">\n\t\t\t\t\t<div class=\"elementor-column elementor-col-100 elementor-top-column elementor-element elementor-element-d63a1a0\" data-id=\"d63a1a0\" data-element_type=\"column\" data-e-type=\"column\">\n\t\t\t<div class=\"elementor-widget-wrap\">\n\t\t\t\t\t\t\t<\/div>\n\t\t<\/div>\n\t\t\t\t\t<\/div>\n\t\t<\/section>\n\t\t\t\t<section class=\"elementor-section elementor-top-section elementor-element elementor-element-a5fe731 elementor-section-boxed elementor-section-height-default elementor-section-height-default\" data-id=\"a5fe731\" data-element_type=\"section\" data-e-type=\"section\">\n\t\t\t\t\t\t<div class=\"elementor-container elementor-column-gap-default\">\n\t\t\t\t\t<div class=\"elementor-column elementor-col-100 elementor-top-column elementor-element elementor-element-40ddfbf\" data-id=\"40ddfbf\" data-element_type=\"column\" data-e-type=\"column\">\n\t\t\t<div class=\"elementor-widget-wrap elementor-element-populated\">\n\t\t\t\t\t\t<div class=\"elementor-element elementor-element-7415861 elementor-widget elementor-widget-text-editor\" data-id=\"7415861\" data-element_type=\"widget\" data-e-type=\"widget\" data-widget_type=\"text-editor.default\">\n\t\t\t\t<div class=\"elementor-widget-container\">\n\t\t\t\t\t\t\t\t\t<h2>L\u00e4htume juhtp\u00f5him\u00f5tetest<\/h2>\t\t\t\t\t\t\t\t<\/div>\n\t\t\t\t<\/div>\n\t\t\t\t\t<\/div>\n\t\t<\/div>\n\t\t\t\t\t<\/div>\n\t\t<\/section>\n\t\t\t\t<section class=\"elementor-section elementor-top-section elementor-element elementor-element-a577097 elementor-section-boxed elementor-section-height-default elementor-section-height-default\" data-id=\"a577097\" data-element_type=\"section\" data-e-type=\"section\">\n\t\t\t\t\t\t<div class=\"elementor-container elementor-column-gap-default\">\n\t\t\t\t\t<div class=\"elementor-column elementor-col-100 elementor-top-column elementor-element elementor-element-8478665\" data-id=\"8478665\" data-element_type=\"column\" data-e-type=\"column\">\n\t\t\t<div class=\"elementor-widget-wrap elementor-element-populated\">\n\t\t\t\t\t\t<div class=\"elementor-element elementor-element-99fc154 elementor-widget elementor-widget-text-editor\" data-id=\"99fc154\" data-element_type=\"widget\" data-e-type=\"widget\" data-widget_type=\"text-editor.default\">\n\t\t\t\t<div class=\"elementor-widget-container\">\n\t\t\t\t\t\t\t\t\t<p>Rainter O\u00dc tegutseb selgete v\u00e4\u00e4rtuste ja kindlate p\u00f5him\u00f5tete alustel.<br \/>Meie juhtimiss\u00fcsteemi igap\u00e4evat\u00f6\u00f6 aluseks on j\u00e4rgmised p\u00f5him\u00f5tted:<\/p>\t\t\t\t\t\t\t\t<\/div>\n\t\t\t\t<\/div>\n\t\t\t\t\t<\/div>\n\t\t<\/div>\n\t\t\t\t\t<\/div>\n\t\t<\/section>\n\t\t\t\t<section class=\"elementor-section elementor-top-section elementor-element elementor-element-66a40bf elementor-section-boxed elementor-section-height-default elementor-section-height-default\" data-id=\"66a40bf\" data-element_type=\"section\" data-e-type=\"section\">\n\t\t\t\t\t\t<div class=\"elementor-container elementor-column-gap-default\">\n\t\t\t\t\t<div class=\"elementor-column elementor-col-66 elementor-top-column elementor-element elementor-element-656db06\" data-id=\"656db06\" data-element_type=\"column\" data-e-type=\"column\">\n\t\t\t<div class=\"elementor-widget-wrap elementor-element-populated\">\n\t\t\t\t\t\t<div class=\"elementor-element elementor-element-4df296d elementor-widget elementor-widget-text-editor\" data-id=\"4df296d\" data-element_type=\"widget\" data-e-type=\"widget\" data-widget_type=\"text-editor.default\">\n\t\t\t\t<div class=\"elementor-widget-container\">\n\t\t\t\t\t\t\t\t\t<ul><li style=\"text-align: left;\">Individuaalne<strong> l\u00e4henemine ja kliendi rahulolu.\u00a0<br \/><\/strong>Iga projekt on ainulaadne. Meie eesm\u00e4rk on pakkuda kvaliteetset t\u00f6\u00f6d ning olla koost\u00f6\u00f6le orienteeritud usaldusv\u00e4\u00e4rne partner.<\/li><li><strong>S\u00e4\u00e4stlik ja vastutustundlik ressursikasutus.\u00a0<br \/><\/strong>Planeerime materjalide kasutust teadlikult. Eelistame kvaliteetseid, sertifitseeritud ehitusmaterjale, mille eluiga on pikk ja keskkonnam\u00f5ju minimaalne. Taaskasutame v\u00f5imalusel j\u00e4\u00e4ke ning korraldame j\u00e4\u00e4tmek\u00e4itlust vastavalt keskkonnan\u00f5uetele.<\/li><li><strong>Hea t\u00f6\u00f6keskkonna loomine.<\/strong><\/li><li><strong>T\u00f6\u00f6\u00f5nnetuste ja kutsehaiguste ennetamine.<\/strong><\/li><li><strong>T\u00f6\u00f6tajate kaasamine t\u00f6\u00f6ohutusalaste otsuste tegemisel.<\/strong><\/li><li><strong>\u00d5igusaktide ja n\u00f5uete j\u00e4rgimine.\u00a0<br \/><\/strong>J\u00e4lgime ehitussektorit reguleerivate seaduste, m\u00e4\u00e4ruste ja standardite muudatusi ning kohandame oma tegevust vastavalt.<\/li><li><strong>Juhtimiss\u00fcsteemi pidev parendamine.\u00a0<br \/><\/strong>Vaatame regulaarselt \u00fcle oma t\u00f6\u00f6korraldust. Kaasame parendustesse meeskonda ja hindame, kas tehtud muudatused aitavad parandada t\u00f6\u00f6 kvaliteeti, ohutust ja tulemust.<\/li><\/ul><div>\u00a0<\/div><div>\u00a0<\/div><div>\u00a0<\/div><div>\u00a0<\/div>\t\t\t\t\t\t\t\t<\/div>\n\t\t\t\t<\/div>\n\t\t\t\t\t<\/div>\n\t\t<\/div>\n\t\t\t\t<div class=\"elementor-column elementor-col-33 elementor-top-column elementor-element elementor-element-5fa17dd\" data-id=\"5fa17dd\" data-element_type=\"column\" data-e-type=\"column\">\n\t\t\t<div class=\"elementor-widget-wrap elementor-element-populated\">\n\t\t\t\t\t\t<div class=\"elementor-element elementor-element-faeb087 elementor-widget elementor-widget-image\" data-id=\"faeb087\" data-element_type=\"widget\" data-e-type=\"widget\" data-widget_type=\"image.default\">\n\t\t\t\t<div class=\"elementor-widget-container\">\n\t\t\t\t\t\t\t\t\t\t\t\t\t\t\t<img fetchpriority=\"high\" decoding=\"async\" width=\"512\" height=\"384\" src=\"https:\/\/rainter.ee\/wp-content\/uploads\/2025\/07\/Ehitus.jpg\" class=\"attachment-1536x1536 size-1536x1536 wp-image-2454\" alt=\"\" srcset=\"https:\/\/rainter.ee\/wp-content\/uploads\/2025\/07\/Ehitus.jpg 512w, https:\/\/rainter.ee\/wp-content\/uploads\/2025\/07\/Ehitus-300x225.jpg 300w\" sizes=\"(max-width: 512px) 100vw, 512px\" \/>\t\t\t\t\t\t\t\t\t\t\t\t\t\t\t<\/div>\n\t\t\t\t<\/div>\n\t\t\t\t\t<\/div>\n\t\t<\/div>\n\t\t\t\t\t<\/div>\n\t\t<\/section>\n\t\t\t\t<section class=\"elementor-section elementor-top-section elementor-element elementor-element-7f4508c elementor-section-boxed elementor-section-height-default elementor-section-height-default\" data-id=\"7f4508c\" data-element_type=\"section\" data-e-type=\"section\">\n\t\t\t\t\t\t<div class=\"elementor-container elementor-column-gap-default\">\n\t\t\t\t\t<div class=\"elementor-column elementor-col-100 elementor-top-column elementor-element elementor-element-30075da\" data-id=\"30075da\" data-element_type=\"column\" data-e-type=\"column\">\n\t\t\t<div class=\"elementor-widget-wrap\">\n\t\t\t\t\t\t\t<\/div>\n\t\t<\/div>\n\t\t\t\t\t<\/div>\n\t\t<\/section>\n\t\t\t\t<section class=\"elementor-section elementor-top-section elementor-element elementor-element-8969d8a elementor-section-boxed elementor-section-height-default elementor-section-height-default\" data-id=\"8969d8a\" data-element_type=\"section\" data-e-type=\"section\">\n\t\t\t\t\t\t<div class=\"elementor-container elementor-column-gap-default\">\n\t\t\t\t\t<div class=\"elementor-column elementor-col-100 elementor-top-column elementor-element elementor-element-56b8586\" data-id=\"56b8586\" data-element_type=\"column\" data-e-type=\"column\">\n\t\t\t<div class=\"elementor-widget-wrap\">\n\t\t\t\t\t\t\t<\/div>\n\t\t<\/div>\n\t\t\t\t\t<\/div>\n\t\t<\/section>\n\t\t\t\t<\/div>\n\t\t","protected":false},"excerpt":{"rendered":"<p>L\u00e4htume juhtp\u00f5him\u00f5tetest Rainter O\u00dc tegutseb selgete v\u00e4\u00e4rtuste ja kindlate p\u00f5him\u00f5tete alustel.Meie juhtimiss\u00fcsteemi igap\u00e4evat\u00f6\u00f6 aluseks on j\u00e4rgmised p\u00f5him\u00f5tted: Individuaalne l\u00e4henemine ja kliendi rahulolu.\u00a0Iga projekt on ainulaadne. Meie eesm\u00e4rk on pakkuda kvaliteetset t\u00f6\u00f6d ning olla koost\u00f6\u00f6le orienteeritud usaldusv\u00e4\u00e4rne partner. S\u00e4\u00e4stlik ja vastutustundlik ressursikasutus.\u00a0Planeerime materjalide kasutust teadlikult. Eelistame kvaliteetseid, sertifitseeritud ehitusmaterjale, mille eluiga on pikk ja keskkonnam\u00f5ju minimaalne. [&hellip;]<\/p>\n","protected":false},"author":2,"featured_media":0,"parent":0,"menu_order":0,"comment_status":"closed","ping_status":"closed","template":"","meta":{"footnotes":""},"class_list":["post-2426","page","type-page","status-publish","hentry"],"yoast_head":"<!-- This site is optimized with the Yoast SEO plugin v27.4 - https:\/\/yoast.com\/product\/yoast-seo-wordpress\/ -->\n<title>Juhtp\u00f5him\u00f5tted - Rainter<\/title>\n<meta name=\"robots\" content=\"index, follow, max-snippet:-1, max-image-preview:large, max-video-preview:-1\" \/>\n<link rel=\"canonical\" href=\"https:\/\/rainter.ee\/en\/juhtpohimotted\/\" \/>\n<meta property=\"og:locale\" content=\"en_US\" \/>\n<meta property=\"og:type\" content=\"article\" \/>\n<meta property=\"og:title\" content=\"Juhtp\u00f5him\u00f5tted - Rainter\" \/>\n<meta property=\"og:description\" content=\"L\u00e4htume juhtp\u00f5him\u00f5tetest Rainter O\u00dc tegutseb selgete v\u00e4\u00e4rtuste ja kindlate p\u00f5him\u00f5tete alustel.Meie juhtimiss\u00fcsteemi igap\u00e4evat\u00f6\u00f6 aluseks on j\u00e4rgmised p\u00f5him\u00f5tted: Individuaalne l\u00e4henemine ja kliendi rahulolu.\u00a0Iga projekt on ainulaadne. Meie eesm\u00e4rk on pakkuda kvaliteetset t\u00f6\u00f6d ning olla koost\u00f6\u00f6le orienteeritud usaldusv\u00e4\u00e4rne partner. S\u00e4\u00e4stlik ja vastutustundlik ressursikasutus.\u00a0Planeerime materjalide kasutust teadlikult. Eelistame kvaliteetseid, sertifitseeritud ehitusmaterjale, mille eluiga on pikk ja keskkonnam\u00f5ju minimaalne. [&hellip;]\" \/>\n<meta property=\"og:url\" content=\"https:\/\/rainter.ee\/en\/juhtpohimotted\/\" \/>\n<meta property=\"og:site_name\" content=\"Rainter\" \/>\n<meta property=\"article:modified_time\" content=\"2026-02-16T07:20:19+00:00\" \/>\n<meta property=\"og:image\" content=\"https:\/\/rainter.ee\/wp-content\/uploads\/2025\/07\/Ehitus.jpg\" \/>\n\t<meta property=\"og:image:width\" content=\"512\" \/>\n\t<meta property=\"og:image:height\" content=\"384\" \/>\n\t<meta property=\"og:image:type\" content=\"image\/jpeg\" \/>\n<meta name=\"twitter:card\" content=\"summary_large_image\" \/>\n<meta name=\"twitter:label1\" content=\"Est. reading time\" \/>\n\t<meta name=\"twitter:data1\" content=\"1 minute\" \/>\n<script type=\"application\/ld+json\" class=\"yoast-schema-graph\">{\"@context\":\"https:\\\/\\\/schema.org\",\"@graph\":[{\"@type\":\"WebPage\",\"@id\":\"https:\\\/\\\/rainter.ee\\\/en\\\/juhtpohimotted\\\/\",\"url\":\"https:\\\/\\\/rainter.ee\\\/en\\\/juhtpohimotted\\\/\",\"name\":\"Juhtp\u00f5him\u00f5tted - Rainter\",\"isPartOf\":{\"@id\":\"https:\\\/\\\/rainter.ee\\\/en\\\/#website\"},\"primaryImageOfPage\":{\"@id\":\"https:\\\/\\\/rainter.ee\\\/en\\\/juhtpohimotted\\\/#primaryimage\"},\"image\":{\"@id\":\"https:\\\/\\\/rainter.ee\\\/en\\\/juhtpohimotted\\\/#primaryimage\"},\"thumbnailUrl\":\"https:\\\/\\\/rainter.ee\\\/wp-content\\\/uploads\\\/2025\\\/07\\\/Ehitus.jpg\",\"datePublished\":\"2025-05-26T03:02:49+00:00\",\"dateModified\":\"2026-02-16T07:20:19+00:00\",\"breadcrumb\":{\"@id\":\"https:\\\/\\\/rainter.ee\\\/en\\\/juhtpohimotted\\\/#breadcrumb\"},\"inLanguage\":\"en-US\",\"potentialAction\":[{\"@type\":\"ReadAction\",\"target\":[\"https:\\\/\\\/rainter.ee\\\/en\\\/juhtpohimotted\\\/\"]}]},{\"@type\":\"ImageObject\",\"inLanguage\":\"en-US\",\"@id\":\"https:\\\/\\\/rainter.ee\\\/en\\\/juhtpohimotted\\\/#primaryimage\",\"url\":\"https:\\\/\\\/rainter.ee\\\/wp-content\\\/uploads\\\/2025\\\/07\\\/Ehitus.jpg\",\"contentUrl\":\"https:\\\/\\\/rainter.ee\\\/wp-content\\\/uploads\\\/2025\\\/07\\\/Ehitus.jpg\"},{\"@type\":\"BreadcrumbList\",\"@id\":\"https:\\\/\\\/rainter.ee\\\/en\\\/juhtpohimotted\\\/#breadcrumb\",\"itemListElement\":[{\"@type\":\"ListItem\",\"position\":1,\"name\":\"Home\",\"item\":\"https:\\\/\\\/rainter.ee\\\/en\\\/homepage\\\/\"},{\"@type\":\"ListItem\",\"position\":2,\"name\":\"Juhtp\u00f5him\u00f5tted\"}]},{\"@type\":\"WebSite\",\"@id\":\"https:\\\/\\\/rainter.ee\\\/en\\\/#website\",\"url\":\"https:\\\/\\\/rainter.ee\\\/en\\\/\",\"name\":\"Rainter\",\"description\":\"&Uuml;ldehitust&ouml;&ouml;d\",\"publisher\":{\"@id\":\"https:\\\/\\\/rainter.ee\\\/en\\\/#organization\"},\"potentialAction\":[{\"@type\":\"SearchAction\",\"target\":{\"@type\":\"EntryPoint\",\"urlTemplate\":\"https:\\\/\\\/rainter.ee\\\/en\\\/?s={search_term_string}\"},\"query-input\":{\"@type\":\"PropertyValueSpecification\",\"valueRequired\":true,\"valueName\":\"search_term_string\"}}],\"inLanguage\":\"en-US\"},{\"@type\":\"Organization\",\"@id\":\"https:\\\/\\\/rainter.ee\\\/en\\\/#organization\",\"name\":\"Rainter O\u00dc\",\"url\":\"https:\\\/\\\/rainter.ee\\\/en\\\/\",\"logo\":{\"@type\":\"ImageObject\",\"inLanguage\":\"en-US\",\"@id\":\"https:\\\/\\\/rainter.ee\\\/en\\\/#\\\/schema\\\/logo\\\/image\\\/\",\"url\":\"https:\\\/\\\/rainter.ee\\\/wp-content\\\/uploads\\\/2023\\\/06\\\/Rainter-1.png\",\"contentUrl\":\"https:\\\/\\\/rainter.ee\\\/wp-content\\\/uploads\\\/2023\\\/06\\\/Rainter-1.png\",\"width\":2293,\"height\":973,\"caption\":\"Rainter O\u00dc\"},\"image\":{\"@id\":\"https:\\\/\\\/rainter.ee\\\/en\\\/#\\\/schema\\\/logo\\\/image\\\/\"}}]}<\/script>\n<!-- \/ Yoast SEO plugin. -->","yoast_head_json":{"title":"Juhtp\u00f5him\u00f5tted - Rainter","robots":{"index":"index","follow":"follow","max-snippet":"max-snippet:-1","max-image-preview":"max-image-preview:large","max-video-preview":"max-video-preview:-1"},"canonical":"https:\/\/rainter.ee\/en\/juhtpohimotted\/","og_locale":"en_US","og_type":"article","og_title":"Juhtp\u00f5him\u00f5tted - Rainter","og_description":"L\u00e4htume juhtp\u00f5him\u00f5tetest Rainter O\u00dc tegutseb selgete v\u00e4\u00e4rtuste ja kindlate p\u00f5him\u00f5tete alustel.Meie juhtimiss\u00fcsteemi igap\u00e4evat\u00f6\u00f6 aluseks on j\u00e4rgmised p\u00f5him\u00f5tted: Individuaalne l\u00e4henemine ja kliendi rahulolu.\u00a0Iga projekt on ainulaadne. Meie eesm\u00e4rk on pakkuda kvaliteetset t\u00f6\u00f6d ning olla koost\u00f6\u00f6le orienteeritud usaldusv\u00e4\u00e4rne partner. S\u00e4\u00e4stlik ja vastutustundlik ressursikasutus.\u00a0Planeerime materjalide kasutust teadlikult. Eelistame kvaliteetseid, sertifitseeritud ehitusmaterjale, mille eluiga on pikk ja keskkonnam\u00f5ju minimaalne. [&hellip;]","og_url":"https:\/\/rainter.ee\/en\/juhtpohimotted\/","og_site_name":"Rainter","article_modified_time":"2026-02-16T07:20:19+00:00","og_image":[{"width":512,"height":384,"url":"https:\/\/rainter.ee\/wp-content\/uploads\/2025\/07\/Ehitus.jpg","type":"image\/jpeg"}],"twitter_card":"summary_large_image","twitter_misc":{"Est. reading time":"1 minute"},"schema":{"@context":"https:\/\/schema.org","@graph":[{"@type":"WebPage","@id":"https:\/\/rainter.ee\/en\/juhtpohimotted\/","url":"https:\/\/rainter.ee\/en\/juhtpohimotted\/","name":"Juhtp\u00f5him\u00f5tted - Rainter","isPartOf":{"@id":"https:\/\/rainter.ee\/en\/#website"},"primaryImageOfPage":{"@id":"https:\/\/rainter.ee\/en\/juhtpohimotted\/#primaryimage"},"image":{"@id":"https:\/\/rainter.ee\/en\/juhtpohimotted\/#primaryimage"},"thumbnailUrl":"https:\/\/rainter.ee\/wp-content\/uploads\/2025\/07\/Ehitus.jpg","datePublished":"2025-05-26T03:02:49+00:00","dateModified":"2026-02-16T07:20:19+00:00","breadcrumb":{"@id":"https:\/\/rainter.ee\/en\/juhtpohimotted\/#breadcrumb"},"inLanguage":"en-US","potentialAction":[{"@type":"ReadAction","target":["https:\/\/rainter.ee\/en\/juhtpohimotted\/"]}]},{"@type":"ImageObject","inLanguage":"en-US","@id":"https:\/\/rainter.ee\/en\/juhtpohimotted\/#primaryimage","url":"https:\/\/rainter.ee\/wp-content\/uploads\/2025\/07\/Ehitus.jpg","contentUrl":"https:\/\/rainter.ee\/wp-content\/uploads\/2025\/07\/Ehitus.jpg"},{"@type":"BreadcrumbList","@id":"https:\/\/rainter.ee\/en\/juhtpohimotted\/#breadcrumb","itemListElement":[{"@type":"ListItem","position":1,"name":"Home","item":"https:\/\/rainter.ee\/en\/homepage\/"},{"@type":"ListItem","position":2,"name":"Juhtp\u00f5him\u00f5tted"}]},{"@type":"WebSite","@id":"https:\/\/rainter.ee\/en\/#website","url":"https:\/\/rainter.ee\/en\/","name":"Rainter","description":"&Uuml;ldehitust&ouml;&ouml;d","publisher":{"@id":"https:\/\/rainter.ee\/en\/#organization"},"potentialAction":[{"@type":"SearchAction","target":{"@type":"EntryPoint","urlTemplate":"https:\/\/rainter.ee\/en\/?s={search_term_string}"},"query-input":{"@type":"PropertyValueSpecification","valueRequired":true,"valueName":"search_term_string"}}],"inLanguage":"en-US"},{"@type":"Organization","@id":"https:\/\/rainter.ee\/en\/#organization","name":"Rainter O\u00dc","url":"https:\/\/rainter.ee\/en\/","logo":{"@type":"ImageObject","inLanguage":"en-US","@id":"https:\/\/rainter.ee\/en\/#\/schema\/logo\/image\/","url":"https:\/\/rainter.ee\/wp-content\/uploads\/2023\/06\/Rainter-1.png","contentUrl":"https:\/\/rainter.ee\/wp-content\/uploads\/2023\/06\/Rainter-1.png","width":2293,"height":973,"caption":"Rainter O\u00dc"},"image":{"@id":"https:\/\/rainter.ee\/en\/#\/schema\/logo\/image\/"}}]}},"_links":{"self":[{"href":"https:\/\/rainter.ee\/en\/wp-json\/wp\/v2\/pages\/2426","targetHints":{"allow":["GET"]}}],"collection":[{"href":"https:\/\/rainter.ee\/en\/wp-json\/wp\/v2\/pages"}],"about":[{"href":"https:\/\/rainter.ee\/en\/wp-json\/wp\/v2\/types\/page"}],"author":[{"embeddable":true,"href":"https:\/\/rainter.ee\/en\/wp-json\/wp\/v2\/users\/2"}],"replies":[{"embeddable":true,"href":"https:\/\/rainter.ee\/en\/wp-json\/wp\/v2\/comments?post=2426"}],"version-history":[{"count":22,"href":"https:\/\/rainter.ee\/en\/wp-json\/wp\/v2\/pages\/2426\/revisions"}],"predecessor-version":[{"id":2579,"href":"https:\/\/rainter.ee\/en\/wp-json\/wp\/v2\/pages\/2426\/revisions\/2579"}],"wp:attachment":[{"href":"https:\/\/rainter.ee\/en\/wp-json\/wp\/v2\/media?parent=2426"}],"curies":[{"name":"wp","href":"https:\/\/api.w.org\/{rel}","templated":true}]}}